{"id":2888,"date":"2017-12-03T14:10:05","date_gmt":"2017-12-03T13:10:05","guid":{"rendered":"http:\/\/msbenatky.cz\/poupatko\/?page_id=2888"},"modified":"2018-02-14T23:26:39","modified_gmt":"2018-02-14T22:26:39","slug":"o-nas","status":"publish","type":"page","link":"https:\/\/msbenatky.cz\/poupatko\/o-nas\/","title":{"rendered":"O n\u00e1s"},"content":{"rendered":"<p>Na\u0161e odlou\u010den\u00e9 pracovi\u0161t\u011b se nach\u00e1z\u00ed v s\u00eddli\u0161ti doln\u00edch Ben\u00e1tek nad Jizerou. Okol\u00ed \u0161koly tvo\u0159\u00ed zahrada s n\u00ed\u017e soused\u00ed asfaltov\u00fd ov\u00e1l, kter\u00fd slou\u017e\u00ed odd\u00edlu kole\u010dkov\u00e9ho bruslen\u00ed a tak\u00e9 k sportovn\u00edm aktivit\u00e1m d\u011bt\u00ed odlou\u010den\u00e9ho pracovi\u0161t\u011b.&nbsp;<\/p>\n\n\t\t<style type=\"text\/css\">\n\t\t\t#gallery-1 {\n\t\t\t\tmargin: auto;\n\t\t\t}\n\t\t\t#gallery-1 .gallery-item {\n\t\t\t\tfloat: left;\n\t\t\t\tmargin-top: 10px;\n\t\t\t\ttext-align: center;\n\t\t\t\twidth: 20%;\n\t\t\t}\n\t\t\t#gallery-1 img {\n\t\t\t\tborder: 2px solid #cfcfcf;\n\t\t\t}\n\t\t\t#gallery-1 .gallery-caption {\n\t\t\t\tmargin-left: 0;\n\t\t\t}\n\t\t\t\/* see gallery_shortcode() in wp-includes\/media.php *\/\n\t\t<\/style>\n\t\t<div id='gallery-1' class='gallery galleryid-2888 gallery-columns-5 gallery-size-thumbnail'><dl class='gallery-item'>\n\t\t\t<dt class='gallery-icon landscape'>\n\t\t\t\t<a href='https:\/\/msbenatky.cz\/poupatko\/wp-content\/uploads\/2018\/02\/f01.jpg' rel=\"lightbox[gallery-0]\"><img width=\"150\" height=\"150\" src=\"https:\/\/msbenatky.cz\/poupatko\/wp-content\/uploads\/2018\/02\/f01-150x150.jpg\" class=\"attachment-thumbnail size-thumbnail\" alt=\"\" loading=\"lazy\" \/><\/a>\n\t\t\t<\/dt><\/dl><dl class='gallery-item'>\n\t\t\t<dt class='gallery-icon landscape'>\n\t\t\t\t<a href='https:\/\/msbenatky.cz\/poupatko\/wp-content\/uploads\/2018\/02\/f02.jpg' rel=\"lightbox[gallery-0]\"><img width=\"150\" height=\"150\" src=\"https:\/\/msbenatky.cz\/poupatko\/wp-content\/uploads\/2018\/02\/f02-150x150.jpg\" class=\"attachment-thumbnail size-thumbnail\" alt=\"\" loading=\"lazy\" \/><\/a>\n\t\t\t<\/dt><\/dl><dl class='gallery-item'>\n\t\t\t<dt class='gallery-icon landscape'>\n\t\t\t\t<a href='https:\/\/msbenatky.cz\/poupatko\/wp-content\/uploads\/2018\/02\/f03.jpg' rel=\"lightbox[gallery-0]\"><img width=\"150\" height=\"150\" src=\"https:\/\/msbenatky.cz\/poupatko\/wp-content\/uploads\/2018\/02\/f03-150x150.jpg\" class=\"attachment-thumbnail size-thumbnail\" alt=\"\" loading=\"lazy\" \/><\/a>\n\t\t\t<\/dt><\/dl><dl class='gallery-item'>\n\t\t\t<dt class='gallery-icon landscape'>\n\t\t\t\t<a href='https:\/\/msbenatky.cz\/poupatko\/wp-content\/uploads\/2018\/02\/f04.jpg' rel=\"lightbox[gallery-0]\"><img width=\"150\" height=\"150\" src=\"https:\/\/msbenatky.cz\/poupatko\/wp-content\/uploads\/2018\/02\/f04-150x150.jpg\" class=\"attachment-thumbnail size-thumbnail\" alt=\"\" loading=\"lazy\" \/><\/a>\n\t\t\t<\/dt><\/dl><dl class='gallery-item'>\n\t\t\t<dt class='gallery-icon landscape'>\n\t\t\t\t<a href='https:\/\/msbenatky.cz\/poupatko\/wp-content\/uploads\/2018\/02\/f05.jpg' rel=\"lightbox[gallery-0]\"><img width=\"150\" height=\"150\" src=\"https:\/\/msbenatky.cz\/poupatko\/wp-content\/uploads\/2018\/02\/f05-150x150.jpg\" class=\"attachment-thumbnail size-thumbnail\" alt=\"\" loading=\"lazy\" \/><\/a>\n\t\t\t<\/dt><\/dl><br style=\"clear: both\" \/><dl class='gallery-item'>\n\t\t\t<dt class='gallery-icon landscape'>\n\t\t\t\t<a href='https:\/\/msbenatky.cz\/poupatko\/wp-content\/uploads\/2018\/02\/f06.jpg' rel=\"lightbox[gallery-0]\"><img width=\"150\" height=\"150\" src=\"https:\/\/msbenatky.cz\/poupatko\/wp-content\/uploads\/2018\/02\/f06-150x150.jpg\" class=\"attachment-thumbnail size-thumbnail\" alt=\"\" loading=\"lazy\" \/><\/a>\n\t\t\t<\/dt><\/dl><dl class='gallery-item'>\n\t\t\t<dt class='gallery-icon landscape'>\n\t\t\t\t<a href='https:\/\/msbenatky.cz\/poupatko\/wp-content\/uploads\/2018\/02\/f07.jpg' rel=\"lightbox[gallery-0]\"><img width=\"150\" height=\"150\" src=\"https:\/\/msbenatky.cz\/poupatko\/wp-content\/uploads\/2018\/02\/f07-150x150.jpg\" class=\"attachment-thumbnail size-thumbnail\" alt=\"\" loading=\"lazy\" \/><\/a>\n\t\t\t<\/dt><\/dl><dl class='gallery-item'>\n\t\t\t<dt class='gallery-icon landscape'>\n\t\t\t\t<a href='https:\/\/msbenatky.cz\/poupatko\/wp-content\/uploads\/2018\/02\/f08.jpg' rel=\"lightbox[gallery-0]\"><img width=\"150\" height=\"150\" src=\"https:\/\/msbenatky.cz\/poupatko\/wp-content\/uploads\/2018\/02\/f08-150x150.jpg\" class=\"attachment-thumbnail size-thumbnail\" alt=\"\" loading=\"lazy\" \/><\/a>\n\t\t\t<\/dt><\/dl><dl class='gallery-item'>\n\t\t\t<dt class='gallery-icon landscape'>\n\t\t\t\t<a href='https:\/\/msbenatky.cz\/poupatko\/wp-content\/uploads\/2018\/02\/f09.jpg' rel=\"lightbox[gallery-0]\"><img width=\"150\" height=\"150\" src=\"https:\/\/msbenatky.cz\/poupatko\/wp-content\/uploads\/2018\/02\/f09-150x150.jpg\" class=\"attachment-thumbnail size-thumbnail\" alt=\"\" loading=\"lazy\" \/><\/a>\n\t\t\t<\/dt><\/dl><dl class='gallery-item'>\n\t\t\t<dt class='gallery-icon landscape'>\n\t\t\t\t<a href='https:\/\/msbenatky.cz\/poupatko\/wp-content\/uploads\/2018\/02\/f10.jpg' rel=\"lightbox[gallery-0]\"><img width=\"150\" height=\"150\" src=\"https:\/\/msbenatky.cz\/poupatko\/wp-content\/uploads\/2018\/02\/f10-150x150.jpg\" class=\"attachment-thumbnail size-thumbnail\" alt=\"\" loading=\"lazy\" \/><\/a>\n\t\t\t<\/dt><\/dl><br style=\"clear: both\" \/><dl class='gallery-item'>\n\t\t\t<dt class='gallery-icon landscape'>\n\t\t\t\t<a href='https:\/\/msbenatky.cz\/poupatko\/wp-content\/uploads\/2018\/02\/f11.jpg' rel=\"lightbox[gallery-0]\"><img width=\"150\" height=\"150\" src=\"https:\/\/msbenatky.cz\/poupatko\/wp-content\/uploads\/2018\/02\/f11-150x150.jpg\" class=\"attachment-thumbnail size-thumbnail\" alt=\"\" loading=\"lazy\" \/><\/a>\n\t\t\t<\/dt><\/dl><dl class='gallery-item'>\n\t\t\t<dt class='gallery-icon landscape'>\n\t\t\t\t<a href='https:\/\/msbenatky.cz\/poupatko\/wp-content\/uploads\/2018\/02\/f12.jpg' rel=\"lightbox[gallery-0]\"><img width=\"150\" height=\"150\" src=\"https:\/\/msbenatky.cz\/poupatko\/wp-content\/uploads\/2018\/02\/f12-150x150.jpg\" class=\"attachment-thumbnail size-thumbnail\" alt=\"\" loading=\"lazy\" \/><\/a>\n\t\t\t<\/dt><\/dl><dl class='gallery-item'>\n\t\t\t<dt class='gallery-icon landscape'>\n\t\t\t\t<a href='https:\/\/msbenatky.cz\/poupatko\/wp-content\/uploads\/2018\/02\/f13.jpg' rel=\"lightbox[gallery-0]\"><img width=\"150\" height=\"150\" src=\"https:\/\/msbenatky.cz\/poupatko\/wp-content\/uploads\/2018\/02\/f13-150x150.jpg\" class=\"attachment-thumbnail size-thumbnail\" alt=\"\" loading=\"lazy\" \/><\/a>\n\t\t\t<\/dt><\/dl><dl class='gallery-item'>\n\t\t\t<dt class='gallery-icon landscape'>\n\t\t\t\t<a href='https:\/\/msbenatky.cz\/poupatko\/wp-content\/uploads\/2018\/02\/f14.jpg' rel=\"lightbox[gallery-0]\"><img width=\"150\" height=\"150\" src=\"https:\/\/msbenatky.cz\/poupatko\/wp-content\/uploads\/2018\/02\/f14-150x150.jpg\" class=\"attachment-thumbnail size-thumbnail\" alt=\"\" loading=\"lazy\" \/><\/a>\n\t\t\t<\/dt><\/dl><dl class='gallery-item'>\n\t\t\t<dt class='gallery-icon landscape'>\n\t\t\t\t<a href='https:\/\/msbenatky.cz\/poupatko\/wp-content\/uploads\/2018\/02\/f15.jpg' rel=\"lightbox[gallery-0]\"><img width=\"150\" height=\"150\" src=\"https:\/\/msbenatky.cz\/poupatko\/wp-content\/uploads\/2018\/02\/f15-150x150.jpg\" class=\"attachment-thumbnail size-thumbnail\" alt=\"\" loading=\"lazy\" \/><\/a>\n\t\t\t<\/dt><\/dl><br style=\"clear: both\" \/><dl class='gallery-item'>\n\t\t\t<dt class='gallery-icon landscape'>\n\t\t\t\t<a href='https:\/\/msbenatky.cz\/poupatko\/wp-content\/uploads\/2018\/02\/f16.jpg' rel=\"lightbox[gallery-0]\"><img width=\"150\" height=\"150\" src=\"https:\/\/msbenatky.cz\/poupatko\/wp-content\/uploads\/2018\/02\/f16-150x150.jpg\" class=\"attachment-thumbnail size-thumbnail\" alt=\"\" loading=\"lazy\" \/><\/a>\n\t\t\t<\/dt><\/dl><dl class='gallery-item'>\n\t\t\t<dt class='gallery-icon landscape'>\n\t\t\t\t<a href='https:\/\/msbenatky.cz\/poupatko\/wp-content\/uploads\/2018\/02\/f17.jpg' rel=\"lightbox[gallery-0]\"><img width=\"150\" height=\"150\" src=\"https:\/\/msbenatky.cz\/poupatko\/wp-content\/uploads\/2018\/02\/f17-150x150.jpg\" class=\"attachment-thumbnail size-thumbnail\" alt=\"\" loading=\"lazy\" \/><\/a>\n\t\t\t<\/dt><\/dl><dl class='gallery-item'>\n\t\t\t<dt class='gallery-icon landscape'>\n\t\t\t\t<a href='https:\/\/msbenatky.cz\/poupatko\/wp-content\/uploads\/2018\/02\/f18.jpg' rel=\"lightbox[gallery-0]\"><img width=\"150\" height=\"150\" src=\"https:\/\/msbenatky.cz\/poupatko\/wp-content\/uploads\/2018\/02\/f18-150x150.jpg\" class=\"attachment-thumbnail size-thumbnail\" alt=\"\" loading=\"lazy\" \/><\/a>\n\t\t\t<\/dt><\/dl><dl class='gallery-item'>\n\t\t\t<dt class='gallery-icon landscape'>\n\t\t\t\t<a href='https:\/\/msbenatky.cz\/poupatko\/wp-content\/uploads\/2018\/02\/f19.jpg' rel=\"lightbox[gallery-0]\"><img width=\"150\" height=\"150\" src=\"https:\/\/msbenatky.cz\/poupatko\/wp-content\/uploads\/2018\/02\/f19-150x150.jpg\" class=\"attachment-thumbnail size-thumbnail\" alt=\"\" loading=\"lazy\" \/><\/a>\n\t\t\t<\/dt><\/dl><dl class='gallery-item'>\n\t\t\t<dt class='gallery-icon landscape'>\n\t\t\t\t<a href='https:\/\/msbenatky.cz\/poupatko\/wp-content\/uploads\/2018\/02\/f20.jpg' rel=\"lightbox[gallery-0]\"><img width=\"150\" height=\"150\" src=\"https:\/\/msbenatky.cz\/poupatko\/wp-content\/uploads\/2018\/02\/f20-150x150.jpg\" class=\"attachment-thumbnail size-thumbnail\" alt=\"\" loading=\"lazy\" \/><\/a>\n\t\t\t<\/dt><\/dl><br style=\"clear: both\" \/>\n\t\t<\/div>\n\n","protected":false},"excerpt":{"rendered":"<p>Na\u0161e odlou\u010den\u00e9 pracovi\u0161t\u011b se nach\u00e1z\u00ed v s\u00eddli\u0161ti doln\u00edch Ben\u00e1tek nad Jizerou. Okol\u00ed \u0161koly tvo\u0159\u00ed zahrada s n\u00ed\u017e soused\u00ed asfaltov\u00fd ov\u00e1l, kter\u00fd slou\u017e\u00ed odd\u00edlu kole\u010dkov\u00e9ho bruslen\u00ed a tak\u00e9 k sportovn\u00edm aktivit\u00e1m d\u011bt\u00ed odlou\u010den\u00e9ho pracovi\u0161t\u011b.&nbsp;<\/p>\n","protected":false},"author":1,"featured_media":0,"parent":0,"menu_order":0,"comment_status":"closed","ping_status":"closed","template":"","meta":[],"_links":{"self":[{"href":"https:\/\/msbenatky.cz\/poupatko\/wp-json\/wp\/v2\/pages\/2888"}],"collection":[{"href":"https:\/\/msbenatky.cz\/poupatko\/wp-json\/wp\/v2\/pages"}],"about":[{"href":"https:\/\/msbenatky.cz\/poupatko\/wp-json\/wp\/v2\/types\/page"}],"author":[{"embeddable":true,"href":"https:\/\/msbenatky.cz\/poupatko\/wp-json\/wp\/v2\/users\/1"}],"replies":[{"embeddable":true,"href":"https:\/\/msbenatky.cz\/poupatko\/wp-json\/wp\/v2\/comments?post=2888"}],"version-history":[{"count":11,"href":"https:\/\/msbenatky.cz\/poupatko\/wp-json\/wp\/v2\/pages\/2888\/revisions"}],"predecessor-version":[{"id":3745,"href":"https:\/\/msbenatky.cz\/poupatko\/wp-json\/wp\/v2\/pages\/2888\/revisions\/3745"}],"wp:attachment":[{"href":"https:\/\/msbenatky.cz\/poupatko\/wp-json\/wp\/v2\/media?parent=2888"}],"curies":[{"name":"wp","href":"https:\/\/api.w.org\/{rel}","templated":true}]}}