{"id":3541,"date":"2018-02-13T23:38:20","date_gmt":"2018-02-13T22:38:20","guid":{"rendered":"http:\/\/msbenatky.cz\/jizerka\/?page_id=3541"},"modified":"2025-10-02T21:44:39","modified_gmt":"2025-10-02T20:44:39","slug":"nase-tridy-a-personal","status":"publish","type":"page","link":"https:\/\/msbenatky.cz\/jizerka\/nase-tridy-a-personal\/","title":{"rendered":"Na\u0161e t\u0159\u00eddy a person\u00e1l"},"content":{"rendered":"<p><strong>\u0158editelka:<\/strong><\/p>\n<ul>\n<li>Bc. Pucandlov\u00e1 Jana<\/li>\n<\/ul>\n<p><strong>Vedouc\u00ed u\u010ditelka:<\/strong><\/p>\n<ul>\n<li>Kostihov\u00e1 Barbora<\/li>\n<\/ul>\n<p><strong>U\u010ditelky:<\/strong><\/p>\n<ul>\n<li>Kostihov\u00e1 Barbora<\/li>\n<li>Tich\u00e1 Dana&nbsp;&nbsp;&nbsp;&nbsp;&nbsp;&nbsp;&nbsp;&nbsp;&nbsp;&nbsp;&nbsp;&nbsp;&nbsp;&nbsp;&nbsp;&nbsp;&nbsp;&nbsp;&nbsp;&nbsp; asist.pedagoga: Gasymov\u00e1 Sudaba<\/li>\n<\/ul>\n<p><strong>Zam\u011bstnanec provozu:<\/strong><\/p>\n<ul>\n<li>Hradeck\u00e1 Olga<\/li>\n<li>Bl\u00e1hov\u00e1 Ludmila<\/li>\n<\/ul>\n<p><strong>Hospod\u00e1\u0159ka:<\/strong><\/p>\n<ul>\n<li>Pavelkov\u00e1 Eva<\/li>\n<\/ul>\n<hr>\n<p><strong>Vedouc\u00ed \u0161kol. j\u00eddelny:<\/strong><\/p>\n<ul>\n<li>Sv\u00edtilov\u00e1 So\u0148a<\/li>\n<\/ul>\n<p><strong>Kucha\u0159ky:<\/strong><\/p>\n<ul>\n<li>Stankeov\u00e1 Lucie<\/li>\n<li>Lepe\u0161kov\u00e1 Radka<\/li>\n<\/ul>\n","protected":false},"excerpt":{"rendered":"<p>\u0158editelka: Bc. Pucandlov\u00e1 Jana Vedouc\u00ed u\u010ditelka: Kostihov\u00e1 Barbora U\u010ditelky: Kostihov\u00e1 Barbora Tich\u00e1 Dana&nbsp;&nbsp;&nbsp;&nbsp;&nbsp;&nbsp;&nbsp;&nbsp;&nbsp;&nbsp;&nbsp;&nbsp;&nbsp;&nbsp;&nbsp;&nbsp;&nbsp;&nbsp;&nbsp;&nbsp; asist.pedagoga: Gasymov\u00e1 Sudaba Zam\u011bstnanec provozu: Hradeck\u00e1 Olga Bl\u00e1hov\u00e1 Ludmila Hospod\u00e1\u0159ka: Pavelkov\u00e1 Eva Vedouc\u00ed \u0161kol. j\u00eddelny: Sv\u00edtilov\u00e1 So\u0148a Kucha\u0159ky: Stankeov\u00e1 Lucie Lepe\u0161kov\u00e1 Radka<\/p>\n","protected":false},"author":1,"featured_media":0,"parent":0,"menu_order":0,"comment_status":"closed","ping_status":"closed","template":"","meta":[],"_links":{"self":[{"href":"https:\/\/msbenatky.cz\/jizerka\/wp-json\/wp\/v2\/pages\/3541"}],"collection":[{"href":"https:\/\/msbenatky.cz\/jizerka\/wp-json\/wp\/v2\/pages"}],"about":[{"href":"https:\/\/msbenatky.cz\/jizerka\/wp-json\/wp\/v2\/types\/page"}],"author":[{"embeddable":true,"href":"https:\/\/msbenatky.cz\/jizerka\/wp-json\/wp\/v2\/users\/1"}],"replies":[{"embeddable":true,"href":"https:\/\/msbenatky.cz\/jizerka\/wp-json\/wp\/v2\/comments?post=3541"}],"version-history":[{"count":16,"href":"https:\/\/msbenatky.cz\/jizerka\/wp-json\/wp\/v2\/pages\/3541\/revisions"}],"predecessor-version":[{"id":10148,"href":"https:\/\/msbenatky.cz\/jizerka\/wp-json\/wp\/v2\/pages\/3541\/revisions\/10148"}],"wp:attachment":[{"href":"https:\/\/msbenatky.cz\/jizerka\/wp-json\/wp\/v2\/media?parent=3541"}],"curies":[{"name":"wp","href":"https:\/\/api.w.org\/{rel}","templated":true}]}}