{"id":3894,"date":"2018-02-19T21:16:51","date_gmt":"2018-02-19T20:16:51","guid":{"rendered":"http:\/\/msbenatky.cz\/jidelna\/?page_id=3894"},"modified":"2022-03-18T12:40:08","modified_gmt":"2022-03-18T11:40:08","slug":"mnozstvi-pokrmu","status":"publish","type":"page","link":"https:\/\/msbenatky.cz\/jidelna\/mnozstvi-pokrmu\/","title":{"rendered":"Mno\u017estv\u00ed pokrm\u016f"},"content":{"rendered":"<p>Informace dle \u00a79a odst. 1 p\u00edsm. c) Z\u00e1kona \u010d. 110\/1997 Sb.<\/p>\n<iframe class=\"pdfjs-viewer\" width=\"100%\" height=\"650px\" src=\"https:\/\/msbenatky.cz\/jidelna\/wp-content\/plugins\/pdf-viewer\/stable\/web\/viewer.html?file=https:\/\/msbenatky.cz\/jidelna\/wp-content\/uploads\/2018\/02\/mnozstvi.pdf\"><\/iframe> \n","protected":false},"excerpt":{"rendered":"<p>Informace dle \u00a79a odst. 1 p\u00edsm. c) Z\u00e1kona \u010d. 110\/1997 Sb.<\/p>\n","protected":false},"author":1,"featured_media":0,"parent":0,"menu_order":0,"comment_status":"closed","ping_status":"closed","template":"","meta":[],"_links":{"self":[{"href":"https:\/\/msbenatky.cz\/jidelna\/wp-json\/wp\/v2\/pages\/3894"}],"collection":[{"href":"https:\/\/msbenatky.cz\/jidelna\/wp-json\/wp\/v2\/pages"}],"about":[{"href":"https:\/\/msbenatky.cz\/jidelna\/wp-json\/wp\/v2\/types\/page"}],"author":[{"embeddable":true,"href":"https:\/\/msbenatky.cz\/jidelna\/wp-json\/wp\/v2\/users\/1"}],"replies":[{"embeddable":true,"href":"https:\/\/msbenatky.cz\/jidelna\/wp-json\/wp\/v2\/comments?post=3894"}],"version-history":[{"count":2,"href":"https:\/\/msbenatky.cz\/jidelna\/wp-json\/wp\/v2\/pages\/3894\/revisions"}],"predecessor-version":[{"id":4828,"href":"https:\/\/msbenatky.cz\/jidelna\/wp-json\/wp\/v2\/pages\/3894\/revisions\/4828"}],"wp:attachment":[{"href":"https:\/\/msbenatky.cz\/jidelna\/wp-json\/wp\/v2\/media?parent=3894"}],"curies":[{"name":"wp","href":"https:\/\/api.w.org\/{rel}","templated":true}]}}