{"id":3890,"date":"2018-02-19T21:14:54","date_gmt":"2018-02-19T20:14:54","guid":{"rendered":"http:\/\/msbenatky.cz\/jidelna\/?page_id=3890"},"modified":"2022-03-18T12:39:10","modified_gmt":"2022-03-18T11:39:10","slug":"seznam-alergenu","status":"publish","type":"page","link":"https:\/\/msbenatky.cz\/jidelna\/seznam-alergenu\/","title":{"rendered":"Seznam alergen\u016f"},"content":{"rendered":"<p>Dle na\u0159\u00edzen\u00ed Evropsk\u00e9ho Parlamentu a Rady (EU) \u010d. 1169\/2011 ze dne 25. \u0159\u00edjna 2011 o poskytov\u00e1n\u00ed informac\u00ed o potravin\u00e1ch spot\u0159ebitel\u016fm, kter\u00e9 ukl\u00e1d\u00e1 povinnost stravovac\u00edch provoz\u016f uv\u00e1d\u011bt alergeny obsa\u017een\u00e9 v nab\u00edzen\u00fdch pokrmech a to s \u00fa\u010dinnost\u00ed od 13. 12. 2014.&nbsp;<\/p>\n<p>Z toho d\u016fvodu za\u010d\u00edn\u00e1 i na\u0161e Mate\u0159sk\u00e1 \u0161kola od 1.12.2014 uv\u00e1d\u011bt alergeny u jednotliv\u00fdch pokrm\u016f. Seznam alergen\u016f je na n\u00e1st\u011bnce \u0161koln\u00ed j\u00eddelny v \u0161atn\u011b, na j\u00eddeln\u00edm l\u00edstku a na webov\u00fdch str\u00e1nk\u00e1ch www.msbenatky.cz. Jednotliv\u00e9 alergeny jsou o\u010d\u00edslov\u00e1ny a jednotliv\u00e1 \u010d\u00edsla jsou uvedena v\u017edy za pokrmem v j\u00eddeln\u00edm l\u00edstku.&nbsp;<\/p>\n<iframe class=\"pdfjs-viewer\" width=\"100%\" height=\"650px\" src=\"https:\/\/msbenatky.cz\/jidelna\/wp-content\/plugins\/pdf-viewer\/stable\/web\/viewer.html?file=https:\/\/msbenatky.cz\/jidelna\/wp-content\/uploads\/2018\/02\/alergeny.pdf\"><\/iframe> \n","protected":false},"excerpt":{"rendered":"<p>Dle na\u0159\u00edzen\u00ed Evropsk\u00e9ho Parlamentu a Rady (EU) \u010d. 1169\/2011 ze dne 25. \u0159\u00edjna 2011 o poskytov\u00e1n\u00ed informac\u00ed o potravin\u00e1ch spot\u0159ebitel\u016fm, kter\u00e9 ukl\u00e1d\u00e1 povinnost stravovac\u00edch provoz\u016f uv\u00e1d\u011bt alergeny obsa\u017een\u00e9 v nab\u00edzen\u00fdch pokrmech a to s \u00fa\u010dinnost\u00ed od 13. 12. 2014.&nbsp; Z toho d\u016fvodu za\u010d\u00edn\u00e1 i na\u0161e Mate\u0159sk\u00e1 \u0161kola od 1.12.2014 uv\u00e1d\u011bt alergeny u jednotliv\u00fdch pokrm\u016f. Seznam [&hellip;]<\/p>\n","protected":false},"author":1,"featured_media":0,"parent":0,"menu_order":0,"comment_status":"closed","ping_status":"closed","template":"","meta":[],"_links":{"self":[{"href":"https:\/\/msbenatky.cz\/jidelna\/wp-json\/wp\/v2\/pages\/3890"}],"collection":[{"href":"https:\/\/msbenatky.cz\/jidelna\/wp-json\/wp\/v2\/pages"}],"about":[{"href":"https:\/\/msbenatky.cz\/jidelna\/wp-json\/wp\/v2\/types\/page"}],"author":[{"embeddable":true,"href":"https:\/\/msbenatky.cz\/jidelna\/wp-json\/wp\/v2\/users\/1"}],"replies":[{"embeddable":true,"href":"https:\/\/msbenatky.cz\/jidelna\/wp-json\/wp\/v2\/comments?post=3890"}],"version-history":[{"count":3,"href":"https:\/\/msbenatky.cz\/jidelna\/wp-json\/wp\/v2\/pages\/3890\/revisions"}],"predecessor-version":[{"id":4827,"href":"https:\/\/msbenatky.cz\/jidelna\/wp-json\/wp\/v2\/pages\/3890\/revisions\/4827"}],"wp:attachment":[{"href":"https:\/\/msbenatky.cz\/jidelna\/wp-json\/wp\/v2\/media?parent=3890"}],"curies":[{"name":"wp","href":"https:\/\/api.w.org\/{rel}","templated":true}]}}