{"id":3884,"date":"2018-02-19T21:12:17","date_gmt":"2018-02-19T20:12:17","guid":{"rendered":"http:\/\/msbenatky.cz\/jidelna\/?page_id=3884"},"modified":"2025-09-17T14:33:11","modified_gmt":"2025-09-17T13:33:11","slug":"ceny-stravneho","status":"publish","type":"page","link":"https:\/\/msbenatky.cz\/jidelna\/ceny-stravneho\/","title":{"rendered":"Ceny stravn\u00e9ho"},"content":{"rendered":"<p>platn\u00e9 od 1.9.2025<\/p>\n\n<table id=\"tablepress-2\" class=\"tablepress tablepress-id-2\">\n<thead>\n<tr class=\"row-1 odd\">\n\t<th class=\"column-1\">D\u011bti<\/th><th class=\"column-2\">2-3 roky<\/th><th class=\"column-3\">4-6 let<\/th><th class=\"column-4\">nad 6 let<\/th>\n<\/tr>\n<\/thead>\n<tfoot>\n<tr class=\"row-6 even\">\n\t<th class=\"column-1\">Celkem<\/th><th class=\"column-2\">52,-- K\u010d<\/th><th class=\"column-3\">52,-- K\u010d<\/th><th class=\"column-4\">55,-- K\u010d<\/th>\n<\/tr>\n<\/tfoot>\n<tbody class=\"row-hover\">\n<tr class=\"row-2 even\">\n\t<td class=\"column-1\">P\u0159esn\u00edd\u00e1vka<\/td><td class=\"column-2\">11<\/td><td class=\"column-3\">11<\/td><td class=\"column-4\">12<\/td>\n<\/tr>\n<tr class=\"row-3 odd\">\n\t<td class=\"column-1\">Ob\u011bd<\/td><td class=\"column-2\">24<\/td><td class=\"column-3\">24<\/td><td class=\"column-4\">26<\/td>\n<\/tr>\n<tr class=\"row-4 even\">\n\t<td class=\"column-1\">Sva\u010dina<\/td><td class=\"column-2\">11<\/td><td class=\"column-3\">11<\/td><td class=\"column-4\">11<\/td>\n<\/tr>\n<tr class=\"row-5 odd\">\n\t<td class=\"column-1\">Pitn\u00fd re\u017eim<\/td><td class=\"column-2\">6<\/td><td class=\"column-3\">6<\/td><td class=\"column-4\">6<\/td>\n<\/tr>\n<\/tbody>\n<\/table>\n<!-- #tablepress-2 from cache -->\n","protected":false},"excerpt":{"rendered":"<p>platn\u00e9 od 1.9.2025<\/p>\n","protected":false},"author":1,"featured_media":0,"parent":0,"menu_order":0,"comment_status":"closed","ping_status":"closed","template":"","meta":[],"_links":{"self":[{"href":"https:\/\/msbenatky.cz\/jidelna\/wp-json\/wp\/v2\/pages\/3884"}],"collection":[{"href":"https:\/\/msbenatky.cz\/jidelna\/wp-json\/wp\/v2\/pages"}],"about":[{"href":"https:\/\/msbenatky.cz\/jidelna\/wp-json\/wp\/v2\/types\/page"}],"author":[{"embeddable":true,"href":"https:\/\/msbenatky.cz\/jidelna\/wp-json\/wp\/v2\/users\/1"}],"replies":[{"embeddable":true,"href":"https:\/\/msbenatky.cz\/jidelna\/wp-json\/wp\/v2\/comments?post=3884"}],"version-history":[{"count":8,"href":"https:\/\/msbenatky.cz\/jidelna\/wp-json\/wp\/v2\/pages\/3884\/revisions"}],"predecessor-version":[{"id":5426,"href":"https:\/\/msbenatky.cz\/jidelna\/wp-json\/wp\/v2\/pages\/3884\/revisions\/5426"}],"wp:attachment":[{"href":"https:\/\/msbenatky.cz\/jidelna\/wp-json\/wp\/v2\/media?parent=3884"}],"curies":[{"name":"wp","href":"https:\/\/api.w.org\/{rel}","templated":true}]}}