{"id":3882,"date":"2018-02-19T21:12:00","date_gmt":"2018-02-19T20:12:00","guid":{"rendered":"http:\/\/msbenatky.cz\/jidelna\/?page_id=3882"},"modified":"2026-03-30T10:20:01","modified_gmt":"2026-03-30T09:20:01","slug":"pesonal-kuchyne","status":"publish","type":"page","link":"https:\/\/msbenatky.cz\/jidelna\/pesonal-kuchyne\/","title":{"rendered":"Person\u00e1l kuchyn\u011b"},"content":{"rendered":"<div class='content-column one_third'><div style=\"padding-top:10px;padding-right:7px;padding-left:7px;\"><div class=\"su-box su-box-style-default petr\" style=\"border-color:#055384;border-radius:10px\"><div class=\"su-box-title\" style=\"background-color:#0668A5;color:#ffffff;border-top-left-radius:8px;border-top-right-radius:8px\">Vedouc\u00ed \u0161koln\u00ed j\u00eddelny:<\/div><div class=\"su-box-content su-clearfix\" style=\"border-bottom-left-radius:8px;border-bottom-right-radius:8px\">\n<ul>\n<li>So\u0148a Sv\u00edtilov\u00e1<\/li>\n<\/ul>\n<\/div><\/div><\/div><\/div>\n<div class='content-column one_third'><div style=\"padding-top:10px;padding-right:7px;padding-left:7px;\"><div class=\"su-box su-box-style-default petr\" style=\"border-color:#055384;border-radius:10px\"><div class=\"su-box-title\" style=\"background-color:#0668A5;color:#ffffff;border-top-left-radius:8px;border-top-right-radius:8px\">J\u00eddelna Jizerka:<\/div><div class=\"su-box-content su-clearfix\" style=\"border-bottom-left-radius:8px;border-bottom-right-radius:8px\">\n<p><i>Kucha\u0159ky:<\/i><\/p>\n<ul>\n<li>Martina Votrubov\u00e1<\/li>\n<li>Martina Spoustov\u00e1<\/li>\n<li>Michaela Bracht\u00edrov\u00e1 Olejn\u00edkov\u00e1<\/li>\n<\/ul>\n<\/div><\/div><\/div><\/div>\n<div class='content-column one_third last_column'><div style=\"padding-top:10px;padding-right:7px;padding-left:7px;\"><div class=\"su-box su-box-style-default petr\" style=\"border-color:#055384;border-radius:10px\"><div class=\"su-box-title\" style=\"background-color:#0668A5;color:#ffffff;border-top-left-radius:8px;border-top-right-radius:8px\">J\u00eddelna Poup\u00e1tko:<\/div><div class=\"su-box-content su-clearfix\" style=\"border-bottom-left-radius:8px;border-bottom-right-radius:8px\">\n<p><i>Kucha\u0159ky:<\/i><\/p>\n<ul>\n<li>Lucie Nov\u00e1kov\u00e1<\/li>\n<li>Marcela Prskavcov\u00e1<\/li>\n<\/ul>\n<\/div><\/div><\/div><\/div><div class='clear_column'><\/div>\n","protected":false},"excerpt":{"rendered":"","protected":false},"author":1,"featured_media":0,"parent":0,"menu_order":0,"comment_status":"closed","ping_status":"closed","template":"","meta":[],"_links":{"self":[{"href":"https:\/\/msbenatky.cz\/jidelna\/wp-json\/wp\/v2\/pages\/3882"}],"collection":[{"href":"https:\/\/msbenatky.cz\/jidelna\/wp-json\/wp\/v2\/pages"}],"about":[{"href":"https:\/\/msbenatky.cz\/jidelna\/wp-json\/wp\/v2\/types\/page"}],"author":[{"embeddable":true,"href":"https:\/\/msbenatky.cz\/jidelna\/wp-json\/wp\/v2\/users\/1"}],"replies":[{"embeddable":true,"href":"https:\/\/msbenatky.cz\/jidelna\/wp-json\/wp\/v2\/comments?post=3882"}],"version-history":[{"count":12,"href":"https:\/\/msbenatky.cz\/jidelna\/wp-json\/wp\/v2\/pages\/3882\/revisions"}],"predecessor-version":[{"id":5534,"href":"https:\/\/msbenatky.cz\/jidelna\/wp-json\/wp\/v2\/pages\/3882\/revisions\/5534"}],"wp:attachment":[{"href":"https:\/\/msbenatky.cz\/jidelna\/wp-json\/wp\/v2\/media?parent=3882"}],"curies":[{"name":"wp","href":"https:\/\/api.w.org\/{rel}","templated":true}]}}