{"id":4819,"date":"2021-05-02T21:35:37","date_gmt":"2021-05-02T20:35:37","guid":{"rendered":"https:\/\/msbenatky.cz\/hastrmanek\/?page_id=4819"},"modified":"2021-05-02T21:36:08","modified_gmt":"2021-05-02T20:36:08","slug":"mapa-stranek","status":"publish","type":"page","link":"https:\/\/msbenatky.cz\/hastrmanek\/mapa-stranek\/","title":{"rendered":"Mapa str\u00e1nek"},"content":{"rendered":"<ul id=\"menu-top-menu-kildateam\" class=\"menu\"><li id=\"menu-item-2885\" class=\"menu-item menu-item-type-post_type menu-item-object-page menu-item-home menu-item-2885\"><a href=\"https:\/\/msbenatky.cz\/hastrmanek\/\">\u00daVOD<\/a><\/li>\n<li id=\"menu-item-3708\" class=\"menu-item menu-item-type-custom menu-item-object-custom menu-item-has-children menu-item-3708\"><a>HASTRM\u00c1NEK<\/a>\n<ul class=\"sub-menu\">\n\t<li id=\"menu-item-2886\" class=\"menu-item menu-item-type-post_type menu-item-object-page menu-item-2886\"><a href=\"https:\/\/msbenatky.cz\/hastrmanek\/kontakt\/\">Kontaktn\u00ed informace<\/a><\/li>\n\t<li id=\"menu-item-2890\" class=\"menu-item menu-item-type-post_type menu-item-object-page menu-item-2890\"><a href=\"https:\/\/msbenatky.cz\/hastrmanek\/o-nas\/\">O n\u00e1s<\/a><\/li>\n\t<li id=\"menu-item-3544\" class=\"menu-item menu-item-type-post_type menu-item-object-page menu-item-3544\"><a href=\"https:\/\/msbenatky.cz\/hastrmanek\/nase-tridy-a-personal\/\">Na\u0161e t\u0159\u00eddy a person\u00e1l<\/a><\/li>\n<\/ul>\n<\/li>\n<li id=\"menu-item-3709\" class=\"menu-item menu-item-type-taxonomy menu-item-object-category menu-item-3709\"><a href=\"https:\/\/msbenatky.cz\/hastrmanek\/category\/foto\/\">Fotogalerie<\/a><\/li>\n<li id=\"menu-item-3545\" class=\"menu-item menu-item-type-custom menu-item-object-custom menu-item-has-children menu-item-3545\"><a>M\u0160 m\u011bsta BnJ<\/a>\n<ul class=\"sub-menu\">\n\t<li id=\"menu-item-3546\" class=\"menu-item menu-item-type-custom menu-item-object-custom menu-item-3546\"><a href=\"http:\/\/msbenatky.cz\/\">\u00davodn\u00ed str\u00e1nka M\u0160<\/a><\/li>\n\t<li id=\"menu-item-3547\" class=\"menu-item menu-item-type-custom menu-item-object-custom menu-item-3547\"><a href=\"http:\/\/msbenatky.cz\/jidelna\/\">\u0160koln\u00ed j\u00eddelna<\/a><\/li>\n\t<li id=\"menu-item-3554\" class=\"menu-item menu-item-type-custom menu-item-object-custom menu-item-3554\"><a href=\"http:\/\/msbenatky.cz\/jizerka\/\">Mate\u0159sk\u00e1 \u0161kola JIZERKA<\/a><\/li>\n\t<li id=\"menu-item-3556\" class=\"menu-item menu-item-type-custom menu-item-object-custom menu-item-has-children menu-item-3556\"><a>Odlou\u010den\u00e1 pracovi\u0161t\u011b:<\/a>\n\t<ul class=\"sub-menu\">\n\t\t<li id=\"menu-item-3555\" class=\"menu-item menu-item-type-custom menu-item-object-custom menu-item-3555\"><a href=\"http:\/\/msbenatky.cz\/hastrmanek\/index.php\">HASTRM\u00c1NEK<\/a><\/li>\n\t\t<li id=\"menu-item-3557\" class=\"menu-item menu-item-type-custom menu-item-object-custom menu-item-3557\"><a href=\"http:\/\/msbenatky.cz\/materidouska\/\">MATE\u0158\u00cdDOU\u0160KA<\/a><\/li>\n\t\t<li id=\"menu-item-3558\" class=\"menu-item menu-item-type-custom menu-item-object-custom menu-item-3558\"><a href=\"http:\/\/msbenatky.cz\/pampeliska\/\">PAMPELI\u0160KA<\/a><\/li>\n\t\t<li id=\"menu-item-3559\" class=\"menu-item menu-item-type-custom menu-item-object-custom menu-item-3559\"><a href=\"http:\/\/msbenatky.cz\/poupatko\/\">POUP\u00c1TKO<\/a><\/li>\n\t\t<li id=\"menu-item-3560\" class=\"menu-item menu-item-type-custom menu-item-object-custom menu-item-3560\"><a href=\"http:\/\/msbenatky.cz\/ruzenka\/\">R\u016e\u017dENKA<\/a><\/li>\n\t<\/ul>\n<\/li>\n<\/ul>\n<\/li>\n<\/ul>\n","protected":false},"excerpt":{"rendered":"","protected":false},"author":1,"featured_media":0,"parent":0,"menu_order":0,"comment_status":"closed","ping_status":"closed","template":"","meta":{"ngg_post_thumbnail":0},"_links":{"self":[{"href":"https:\/\/msbenatky.cz\/hastrmanek\/wp-json\/wp\/v2\/pages\/4819"}],"collection":[{"href":"https:\/\/msbenatky.cz\/hastrmanek\/wp-json\/wp\/v2\/pages"}],"about":[{"href":"https:\/\/msbenatky.cz\/hastrmanek\/wp-json\/wp\/v2\/types\/page"}],"author":[{"embeddable":true,"href":"https:\/\/msbenatky.cz\/hastrmanek\/wp-json\/wp\/v2\/users\/1"}],"replies":[{"embeddable":true,"href":"https:\/\/msbenatky.cz\/hastrmanek\/wp-json\/wp\/v2\/comments?post=4819"}],"version-history":[{"count":2,"href":"https:\/\/msbenatky.cz\/hastrmanek\/wp-json\/wp\/v2\/pages\/4819\/revisions"}],"predecessor-version":[{"id":4821,"href":"https:\/\/msbenatky.cz\/hastrmanek\/wp-json\/wp\/v2\/pages\/4819\/revisions\/4821"}],"wp:attachment":[{"href":"https:\/\/msbenatky.cz\/hastrmanek\/wp-json\/wp\/v2\/media?parent=4819"}],"curies":[{"name":"wp","href":"https:\/\/api.w.org\/{rel}","templated":true}]}}