{"id":3541,"date":"2018-02-13T23:38:20","date_gmt":"2018-02-13T22:38:20","guid":{"rendered":"http:\/\/msbenatky.cz\/hastrmanek\/?page_id=3541"},"modified":"2025-10-02T21:37:33","modified_gmt":"2025-10-02T20:37:33","slug":"nase-tridy-a-personal","status":"publish","type":"page","link":"https:\/\/msbenatky.cz\/hastrmanek\/nase-tridy-a-personal\/","title":{"rendered":"Na\u0161e t\u0159\u00eddy a person\u00e1l"},"content":{"rendered":"<p><strong>Vedouc\u00ed u\u010ditelka:<\/strong><\/p>\n<ul>\n<li>Vost\u0159\u00e1kov\u00e1 V\u011bra<\/li>\n<\/ul>\n<p><strong>U\u010ditelky:<\/strong><\/p>\n<ul>\n<li>\u010cern\u00e1 Petra<\/li>\n<li>Voc\u00e1skov\u00e1 So\u0148a<\/li>\n<li>Havlov\u00e1 Alena<\/li>\n<\/ul>\n<p><strong>Zam\u011bstnanec provozu:<\/strong><\/p>\n<ul>\n<li>\u010c\u00e1pov\u00e1 Monika<\/li>\n<li>Zrckov\u00e1 Marcela<\/li>\n<\/ul>\n","protected":false},"excerpt":{"rendered":"<p>Vedouc\u00ed u\u010ditelka: Vost\u0159\u00e1kov\u00e1 V\u011bra U\u010ditelky: \u010cern\u00e1 Petra Voc\u00e1skov\u00e1 So\u0148a Havlov\u00e1 Alena Zam\u011bstnanec provozu: \u010c\u00e1pov\u00e1 Monika Zrckov\u00e1 Marcela<\/p>\n","protected":false},"author":1,"featured_media":0,"parent":0,"menu_order":0,"comment_status":"closed","ping_status":"closed","template":"","meta":{"ngg_post_thumbnail":0},"_links":{"self":[{"href":"https:\/\/msbenatky.cz\/hastrmanek\/wp-json\/wp\/v2\/pages\/3541"}],"collection":[{"href":"https:\/\/msbenatky.cz\/hastrmanek\/wp-json\/wp\/v2\/pages"}],"about":[{"href":"https:\/\/msbenatky.cz\/hastrmanek\/wp-json\/wp\/v2\/types\/page"}],"author":[{"embeddable":true,"href":"https:\/\/msbenatky.cz\/hastrmanek\/wp-json\/wp\/v2\/users\/1"}],"replies":[{"embeddable":true,"href":"https:\/\/msbenatky.cz\/hastrmanek\/wp-json\/wp\/v2\/comments?post=3541"}],"version-history":[{"count":17,"href":"https:\/\/msbenatky.cz\/hastrmanek\/wp-json\/wp\/v2\/pages\/3541\/revisions"}],"predecessor-version":[{"id":5413,"href":"https:\/\/msbenatky.cz\/hastrmanek\/wp-json\/wp\/v2\/pages\/3541\/revisions\/5413"}],"wp:attachment":[{"href":"https:\/\/msbenatky.cz\/hastrmanek\/wp-json\/wp\/v2\/media?parent=3541"}],"curies":[{"name":"wp","href":"https:\/\/api.w.org\/{rel}","templated":true}]}}