{"id":2888,"date":"2017-12-03T14:10:05","date_gmt":"2017-12-03T13:10:05","guid":{"rendered":"http:\/\/msbenatky.cz\/hastrmanek\/?page_id=2888"},"modified":"2018-02-15T19:00:30","modified_gmt":"2018-02-15T18:00:30","slug":"o-nas","status":"publish","type":"page","link":"https:\/\/msbenatky.cz\/hastrmanek\/o-nas\/","title":{"rendered":"O n\u00e1s"},"content":{"rendered":"<p>Odlou\u010den\u00e9 pracovi\u0161t\u011b Hastrm\u00e1nek je nov\u011b otev\u0159eno k 1.9.2015. Nach\u00e1z\u00ed se v centru m\u011bsta Ben\u00e1tek nad Jizerou. Odlou\u010den\u00e9 pracovi\u0161t\u011b je sou\u010d\u00e1st\u00ed nov\u011b zrekonstruovan\u00e9ho hotelu a city parku. Nad\u00e1le je vyu\u017e\u00edv\u00e1na zahrada p\u0159i Mate\u0159sk\u00e9 \u0161kole Jizerka.<\/p>\n\n\t\t<style type=\"text\/css\">\n\t\t\t#gallery-1 {\n\t\t\t\tmargin: auto;\n\t\t\t}\n\t\t\t#gallery-1 .gallery-item {\n\t\t\t\tfloat: left;\n\t\t\t\tmargin-top: 10px;\n\t\t\t\ttext-align: center;\n\t\t\t\twidth: 20%;\n\t\t\t}\n\t\t\t#gallery-1 img {\n\t\t\t\tborder: 2px solid #cfcfcf;\n\t\t\t}\n\t\t\t#gallery-1 .gallery-caption {\n\t\t\t\tmargin-left: 0;\n\t\t\t}\n\t\t\t\/* see gallery_shortcode() in wp-includes\/media.php *\/\n\t\t<\/style>\n\t\t<div id='gallery-1' class='gallery galleryid-2888 gallery-columns-5 gallery-size-thumbnail'><dl class='gallery-item'>\n\t\t\t<dt class='gallery-icon landscape'>\n\t\t\t\t<a href='https:\/\/msbenatky.cz\/hastrmanek\/wp-content\/uploads\/2018\/02\/a01.jpg' rel=\"lightbox[gallery-0]\"><img width=\"150\" height=\"150\" src=\"https:\/\/msbenatky.cz\/hastrmanek\/wp-content\/uploads\/2018\/02\/a01-150x150.jpg\" class=\"attachment-thumbnail size-thumbnail\" alt=\"\" loading=\"lazy\" \/><\/a>\n\t\t\t<\/dt><\/dl><dl class='gallery-item'>\n\t\t\t<dt class='gallery-icon landscape'>\n\t\t\t\t<a href='https:\/\/msbenatky.cz\/hastrmanek\/wp-content\/uploads\/2018\/02\/a02.jpg' rel=\"lightbox[gallery-0]\"><img width=\"150\" height=\"150\" src=\"https:\/\/msbenatky.cz\/hastrmanek\/wp-content\/uploads\/2018\/02\/a02-150x150.jpg\" class=\"attachment-thumbnail size-thumbnail\" alt=\"\" loading=\"lazy\" \/><\/a>\n\t\t\t<\/dt><\/dl><dl class='gallery-item'>\n\t\t\t<dt class='gallery-icon landscape'>\n\t\t\t\t<a href='https:\/\/msbenatky.cz\/hastrmanek\/wp-content\/uploads\/2018\/02\/a03.jpg' rel=\"lightbox[gallery-0]\"><img width=\"150\" height=\"150\" src=\"https:\/\/msbenatky.cz\/hastrmanek\/wp-content\/uploads\/2018\/02\/a03-150x150.jpg\" class=\"attachment-thumbnail size-thumbnail\" alt=\"\" loading=\"lazy\" \/><\/a>\n\t\t\t<\/dt><\/dl><dl class='gallery-item'>\n\t\t\t<dt class='gallery-icon landscape'>\n\t\t\t\t<a href='https:\/\/msbenatky.cz\/hastrmanek\/wp-content\/uploads\/2018\/02\/a04.jpg' rel=\"lightbox[gallery-0]\"><img width=\"150\" height=\"150\" src=\"https:\/\/msbenatky.cz\/hastrmanek\/wp-content\/uploads\/2018\/02\/a04-150x150.jpg\" class=\"attachment-thumbnail size-thumbnail\" alt=\"\" loading=\"lazy\" \/><\/a>\n\t\t\t<\/dt><\/dl><dl class='gallery-item'>\n\t\t\t<dt class='gallery-icon landscape'>\n\t\t\t\t<a href='https:\/\/msbenatky.cz\/hastrmanek\/wp-content\/uploads\/2018\/02\/a05.jpg' rel=\"lightbox[gallery-0]\"><img width=\"150\" height=\"150\" src=\"https:\/\/msbenatky.cz\/hastrmanek\/wp-content\/uploads\/2018\/02\/a05-150x150.jpg\" class=\"attachment-thumbnail size-thumbnail\" alt=\"\" loading=\"lazy\" \/><\/a>\n\t\t\t<\/dt><\/dl><br style=\"clear: both\" \/><dl class='gallery-item'>\n\t\t\t<dt class='gallery-icon landscape'>\n\t\t\t\t<a href='https:\/\/msbenatky.cz\/hastrmanek\/wp-content\/uploads\/2018\/02\/f04-1.jpg' rel=\"lightbox[gallery-0]\"><img width=\"150\" height=\"150\" src=\"https:\/\/msbenatky.cz\/hastrmanek\/wp-content\/uploads\/2018\/02\/f04-1-150x150.jpg\" class=\"attachment-thumbnail size-thumbnail\" alt=\"\" loading=\"lazy\" \/><\/a>\n\t\t\t<\/dt><\/dl><dl class='gallery-item'>\n\t\t\t<dt class='gallery-icon landscape'>\n\t\t\t\t<a href='https:\/\/msbenatky.cz\/hastrmanek\/wp-content\/uploads\/2018\/02\/f05-1.jpg' rel=\"lightbox[gallery-0]\"><img width=\"150\" height=\"150\" src=\"https:\/\/msbenatky.cz\/hastrmanek\/wp-content\/uploads\/2018\/02\/f05-1-150x150.jpg\" class=\"attachment-thumbnail size-thumbnail\" alt=\"\" loading=\"lazy\" \/><\/a>\n\t\t\t<\/dt><\/dl><dl class='gallery-item'>\n\t\t\t<dt class='gallery-icon landscape'>\n\t\t\t\t<a href='https:\/\/msbenatky.cz\/hastrmanek\/wp-content\/uploads\/2018\/02\/f10-1.jpg' rel=\"lightbox[gallery-0]\"><img width=\"150\" height=\"150\" src=\"https:\/\/msbenatky.cz\/hastrmanek\/wp-content\/uploads\/2018\/02\/f10-1-150x150.jpg\" class=\"attachment-thumbnail size-thumbnail\" alt=\"\" loading=\"lazy\" \/><\/a>\n\t\t\t<\/dt><\/dl><dl class='gallery-item'>\n\t\t\t<dt class='gallery-icon landscape'>\n\t\t\t\t<a href='https:\/\/msbenatky.cz\/hastrmanek\/wp-content\/uploads\/2018\/02\/f11-1.jpg' rel=\"lightbox[gallery-0]\"><img width=\"150\" height=\"150\" src=\"https:\/\/msbenatky.cz\/hastrmanek\/wp-content\/uploads\/2018\/02\/f11-1-150x150.jpg\" class=\"attachment-thumbnail size-thumbnail\" alt=\"\" loading=\"lazy\" \/><\/a>\n\t\t\t<\/dt><\/dl><dl class='gallery-item'>\n\t\t\t<dt class='gallery-icon landscape'>\n\t\t\t\t<a href='https:\/\/msbenatky.cz\/hastrmanek\/wp-content\/uploads\/2018\/02\/f12-1.jpg' rel=\"lightbox[gallery-0]\"><img width=\"150\" height=\"150\" src=\"https:\/\/msbenatky.cz\/hastrmanek\/wp-content\/uploads\/2018\/02\/f12-1-150x150.jpg\" class=\"attachment-thumbnail size-thumbnail\" alt=\"\" loading=\"lazy\" \/><\/a>\n\t\t\t<\/dt><\/dl><br style=\"clear: both\" \/><dl class='gallery-item'>\n\t\t\t<dt class='gallery-icon landscape'>\n\t\t\t\t<a href='https:\/\/msbenatky.cz\/hastrmanek\/wp-content\/uploads\/2018\/02\/foto05.jpg' rel=\"lightbox[gallery-0]\"><img width=\"150\" height=\"150\" src=\"https:\/\/msbenatky.cz\/hastrmanek\/wp-content\/uploads\/2018\/02\/foto05-150x150.jpg\" class=\"attachment-thumbnail size-thumbnail\" alt=\"\" loading=\"lazy\" \/><\/a>\n\t\t\t<\/dt><\/dl><dl class='gallery-item'>\n\t\t\t<dt class='gallery-icon landscape'>\n\t\t\t\t<a href='https:\/\/msbenatky.cz\/hastrmanek\/wp-content\/uploads\/2018\/02\/foto06.jpg' rel=\"lightbox[gallery-0]\"><img width=\"150\" height=\"150\" src=\"https:\/\/msbenatky.cz\/hastrmanek\/wp-content\/uploads\/2018\/02\/foto06-150x150.jpg\" class=\"attachment-thumbnail size-thumbnail\" alt=\"\" loading=\"lazy\" \/><\/a>\n\t\t\t<\/dt><\/dl><dl class='gallery-item'>\n\t\t\t<dt class='gallery-icon landscape'>\n\t\t\t\t<a href='https:\/\/msbenatky.cz\/hastrmanek\/wp-content\/uploads\/2018\/02\/foto07.jpg' rel=\"lightbox[gallery-0]\"><img width=\"150\" height=\"150\" src=\"https:\/\/msbenatky.cz\/hastrmanek\/wp-content\/uploads\/2018\/02\/foto07-150x150.jpg\" class=\"attachment-thumbnail size-thumbnail\" alt=\"\" loading=\"lazy\" \/><\/a>\n\t\t\t<\/dt><\/dl><dl class='gallery-item'>\n\t\t\t<dt class='gallery-icon landscape'>\n\t\t\t\t<a href='https:\/\/msbenatky.cz\/hastrmanek\/wp-content\/uploads\/2018\/02\/foto08.jpg' rel=\"lightbox[gallery-0]\"><img width=\"150\" height=\"150\" src=\"https:\/\/msbenatky.cz\/hastrmanek\/wp-content\/uploads\/2018\/02\/foto08-150x150.jpg\" class=\"attachment-thumbnail size-thumbnail\" alt=\"\" loading=\"lazy\" \/><\/a>\n\t\t\t<\/dt><\/dl><dl class='gallery-item'>\n\t\t\t<dt class='gallery-icon landscape'>\n\t\t\t\t<a href='https:\/\/msbenatky.cz\/hastrmanek\/wp-content\/uploads\/2018\/02\/aaa01.jpg' rel=\"lightbox[gallery-0]\"><img width=\"150\" height=\"150\" src=\"https:\/\/msbenatky.cz\/hastrmanek\/wp-content\/uploads\/2018\/02\/aaa01-150x150.jpg\" class=\"attachment-thumbnail size-thumbnail\" alt=\"\" loading=\"lazy\" \/><\/a>\n\t\t\t<\/dt><\/dl><br style=\"clear: both\" \/><dl class='gallery-item'>\n\t\t\t<dt class='gallery-icon landscape'>\n\t\t\t\t<a href='https:\/\/msbenatky.cz\/hastrmanek\/wp-content\/uploads\/2018\/02\/foto09.jpg' rel=\"lightbox[gallery-0]\"><img width=\"150\" height=\"150\" src=\"https:\/\/msbenatky.cz\/hastrmanek\/wp-content\/uploads\/2018\/02\/foto09-150x150.jpg\" class=\"attachment-thumbnail size-thumbnail\" alt=\"\" loading=\"lazy\" \/><\/a>\n\t\t\t<\/dt><\/dl><dl class='gallery-item'>\n\t\t\t<dt class='gallery-icon landscape'>\n\t\t\t\t<a href='https:\/\/msbenatky.cz\/hastrmanek\/wp-content\/uploads\/2018\/02\/foto10.jpg' rel=\"lightbox[gallery-0]\"><img width=\"150\" height=\"150\" src=\"https:\/\/msbenatky.cz\/hastrmanek\/wp-content\/uploads\/2018\/02\/foto10-150x150.jpg\" class=\"attachment-thumbnail size-thumbnail\" alt=\"\" loading=\"lazy\" \/><\/a>\n\t\t\t<\/dt><\/dl><dl class='gallery-item'>\n\t\t\t<dt class='gallery-icon landscape'>\n\t\t\t\t<a href='https:\/\/msbenatky.cz\/hastrmanek\/wp-content\/uploads\/2018\/02\/z01.jpg' rel=\"lightbox[gallery-0]\"><img width=\"150\" height=\"150\" src=\"https:\/\/msbenatky.cz\/hastrmanek\/wp-content\/uploads\/2018\/02\/z01-150x150.jpg\" class=\"attachment-thumbnail size-thumbnail\" alt=\"\" loading=\"lazy\" \/><\/a>\n\t\t\t<\/dt><\/dl>\n\t\t\t<br style='clear: both' \/>\n\t\t<\/div>\n\n","protected":false},"excerpt":{"rendered":"<p>Odlou\u010den\u00e9 pracovi\u0161t\u011b Hastrm\u00e1nek je nov\u011b otev\u0159eno k 1.9.2015. Nach\u00e1z\u00ed se v centru m\u011bsta Ben\u00e1tek nad Jizerou. Odlou\u010den\u00e9 pracovi\u0161t\u011b je sou\u010d\u00e1st\u00ed nov\u011b zrekonstruovan\u00e9ho hotelu a city parku. Nad\u00e1le je vyu\u017e\u00edv\u00e1na zahrada p\u0159i Mate\u0159sk\u00e9 \u0161kole Jizerka.<\/p>\n","protected":false},"author":1,"featured_media":0,"parent":0,"menu_order":0,"comment_status":"closed","ping_status":"closed","template":"","meta":{"ngg_post_thumbnail":0},"_links":{"self":[{"href":"https:\/\/msbenatky.cz\/hastrmanek\/wp-json\/wp\/v2\/pages\/2888"}],"collection":[{"href":"https:\/\/msbenatky.cz\/hastrmanek\/wp-json\/wp\/v2\/pages"}],"about":[{"href":"https:\/\/msbenatky.cz\/hastrmanek\/wp-json\/wp\/v2\/types\/page"}],"author":[{"embeddable":true,"href":"https:\/\/msbenatky.cz\/hastrmanek\/wp-json\/wp\/v2\/users\/1"}],"replies":[{"embeddable":true,"href":"https:\/\/msbenatky.cz\/hastrmanek\/wp-json\/wp\/v2\/comments?post=2888"}],"version-history":[{"count":13,"href":"https:\/\/msbenatky.cz\/hastrmanek\/wp-json\/wp\/v2\/pages\/2888\/revisions"}],"predecessor-version":[{"id":3911,"href":"https:\/\/msbenatky.cz\/hastrmanek\/wp-json\/wp\/v2\/pages\/2888\/revisions\/3911"}],"wp:attachment":[{"href":"https:\/\/msbenatky.cz\/hastrmanek\/wp-json\/wp\/v2\/media?parent=2888"}],"curies":[{"name":"wp","href":"https:\/\/api.w.org\/{rel}","templated":true}]}}